{"id":2,"date":"2024-09-25T16:09:40","date_gmt":"2024-09-25T19:09:40","guid":{"rendered":"http:\/\/nataliadalto.com.br\/?page_id=2"},"modified":"2025-08-09T02:37:27","modified_gmt":"2025-08-09T05:37:27","slug":"boas-vindas","status":"publish","type":"page","link":"https:\/\/nataliadalto.com.br\/","title":{"rendered":"Em breve teremos novos conte\u00fados, aguardem!"},"content":{"rendered":"\n<p><\/p>\n\n\n\n<p><\/p>\n\n\n\n<figure class=\"wp-block-gallery has-nested-images columns-default is-cropped wp-block-gallery-1 is-layout-flex wp-block-gallery-is-layout-flex\">\n<figure class=\"wp-block-image size-large\"><img loading=\"lazy\" decoding=\"async\" width=\"512\" height=\"1024\" data-id=\"59\" src=\"https:\/\/nataliadalto.com.br\/wp-content\/uploads\/2025\/08\/9e9b58b4-e0fe-4810-9350-18661e241e85-512x1024.jpg\" alt=\"\" class=\"wp-image-59\" srcset=\"https:\/\/nataliadalto.com.br\/wp-content\/uploads\/2025\/08\/9e9b58b4-e0fe-4810-9350-18661e241e85-512x1024.jpg 512w, https:\/\/nataliadalto.com.br\/wp-content\/uploads\/2025\/08\/9e9b58b4-e0fe-4810-9350-18661e241e85-150x300.jpg 150w, https:\/\/nataliadalto.com.br\/wp-content\/uploads\/2025\/08\/9e9b58b4-e0fe-4810-9350-18661e241e85-768x1536.jpg 768w, https:\/\/nataliadalto.com.br\/wp-content\/uploads\/2025\/08\/9e9b58b4-e0fe-4810-9350-18661e241e85.jpg 800w\" sizes=\"auto, (max-width: 512px) 100vw, 512px\" \/><\/figure>\n<\/figure>\n\n\n\n<p><\/p>\n\n\n<div class=\"wp-block-image\">\n<figure class=\"aligncenter size-large is-resized\"><img loading=\"lazy\" decoding=\"async\" width=\"512\" height=\"1024\" src=\"https:\/\/nataliadalto.com.br\/wp-content\/uploads\/2025\/08\/cf5c2f77-acd9-4c76-9749-ab2797eb9081-512x1024.jpg\" alt=\"\" class=\"wp-image-60\" style=\"width:610px;height:auto\" srcset=\"https:\/\/nataliadalto.com.br\/wp-content\/uploads\/2025\/08\/cf5c2f77-acd9-4c76-9749-ab2797eb9081-512x1024.jpg 512w, https:\/\/nataliadalto.com.br\/wp-content\/uploads\/2025\/08\/cf5c2f77-acd9-4c76-9749-ab2797eb9081-150x300.jpg 150w, https:\/\/nataliadalto.com.br\/wp-content\/uploads\/2025\/08\/cf5c2f77-acd9-4c76-9749-ab2797eb9081-768x1536.jpg 768w, https:\/\/nataliadalto.com.br\/wp-content\/uploads\/2025\/08\/cf5c2f77-acd9-4c76-9749-ab2797eb9081.jpg 800w\" sizes=\"auto, (max-width: 512px) 100vw, 512px\" \/><\/figure>\n<\/div>","protected":false},"excerpt":{"rendered":"","protected":false},"author":1,"featured_media":61,"parent":0,"menu_order":0,"comment_status":"closed","ping_status":"closed","template":"templates\/template-full-width.php","meta":{"footnotes":""},"class_list":["post-2","page","type-page","status-publish","has-post-thumbnail","hentry"],"yoast_head":"<!-- This site is optimized with the Yoast SEO plugin v27.3 - https:\/\/yoast.com\/product\/yoast-seo-wordpress\/ -->\n<title>Em breve teremos novos conte\u00fados, aguardem! - DaltoA\u00e7\u00e3o<\/title>\n<meta name=\"robots\" content=\"index, follow, max-snippet:-1, max-image-preview:large, max-video-preview:-1\" \/>\n<link rel=\"canonical\" href=\"https:\/\/nataliadalto.com.br\/\" \/>\n<meta property=\"og:locale\" content=\"pt_BR\" \/>\n<meta property=\"og:type\" content=\"article\" \/>\n<meta property=\"og:title\" content=\"Em breve teremos novos conte\u00fados, aguardem! - DaltoA\u00e7\u00e3o\" \/>\n<meta property=\"og:url\" content=\"https:\/\/nataliadalto.com.br\/\" \/>\n<meta property=\"og:site_name\" content=\"DaltoA\u00e7\u00e3o\" \/>\n<meta property=\"article:modified_time\" content=\"2025-08-09T05:37:27+00:00\" \/>\n<meta property=\"og:image\" content=\"https:\/\/nataliadalto.com.br\/wp-content\/uploads\/2025\/08\/9e9b58b4-e0fe-4810-9350-18661e241e85-1.jpg\" \/>\n\t<meta property=\"og:image:width\" content=\"360\" \/>\n\t<meta property=\"og:image:height\" content=\"259\" \/>\n\t<meta property=\"og:image:type\" content=\"image\/jpeg\" \/>\n<meta name=\"twitter:card\" content=\"summary_large_image\" \/>\n<meta name=\"twitter:label1\" content=\"Est. tempo de leitura\" \/>\n\t<meta name=\"twitter:data1\" content=\"1 minuto\" \/>\n<script type=\"application\/ld+json\" class=\"yoast-schema-graph\">{\"@context\":\"https:\\\/\\\/schema.org\",\"@graph\":[{\"@type\":\"WebPage\",\"@id\":\"https:\\\/\\\/nataliadalto.com.br\\\/\",\"url\":\"https:\\\/\\\/nataliadalto.com.br\\\/\",\"name\":\"Em breve teremos novos conte\u00fados, aguardem! - DaltoA\u00e7\u00e3o\",\"isPartOf\":{\"@id\":\"https:\\\/\\\/nataliadalto.com.br\\\/#website\"},\"primaryImageOfPage\":{\"@id\":\"https:\\\/\\\/nataliadalto.com.br\\\/#primaryimage\"},\"image\":{\"@id\":\"https:\\\/\\\/nataliadalto.com.br\\\/#primaryimage\"},\"thumbnailUrl\":\"https:\\\/\\\/nataliadalto.com.br\\\/wp-content\\\/uploads\\\/2025\\\/08\\\/9e9b58b4-e0fe-4810-9350-18661e241e85-1.jpg\",\"datePublished\":\"2024-09-25T19:09:40+00:00\",\"dateModified\":\"2025-08-09T05:37:27+00:00\",\"breadcrumb\":{\"@id\":\"https:\\\/\\\/nataliadalto.com.br\\\/#breadcrumb\"},\"inLanguage\":\"pt-BR\",\"potentialAction\":[{\"@type\":\"ReadAction\",\"target\":[\"https:\\\/\\\/nataliadalto.com.br\\\/\"]}]},{\"@type\":\"ImageObject\",\"inLanguage\":\"pt-BR\",\"@id\":\"https:\\\/\\\/nataliadalto.com.br\\\/#primaryimage\",\"url\":\"https:\\\/\\\/nataliadalto.com.br\\\/wp-content\\\/uploads\\\/2025\\\/08\\\/9e9b58b4-e0fe-4810-9350-18661e241e85-1.jpg\",\"contentUrl\":\"https:\\\/\\\/nataliadalto.com.br\\\/wp-content\\\/uploads\\\/2025\\\/08\\\/9e9b58b4-e0fe-4810-9350-18661e241e85-1.jpg\",\"width\":360,\"height\":259},{\"@type\":\"BreadcrumbList\",\"@id\":\"https:\\\/\\\/nataliadalto.com.br\\\/#breadcrumb\",\"itemListElement\":[{\"@type\":\"ListItem\",\"position\":1,\"name\":\"In\u00edcio\",\"item\":\"https:\\\/\\\/nataliadalto.com.br\\\/\"},{\"@type\":\"ListItem\",\"position\":2,\"name\":\"Em breve teremos novos conte\u00fados, aguardem!\"}]},{\"@type\":\"WebSite\",\"@id\":\"https:\\\/\\\/nataliadalto.com.br\\\/#website\",\"url\":\"https:\\\/\\\/nataliadalto.com.br\\\/\",\"name\":\"DaltoA\u00e7\u00e3o\",\"description\":\"- Cursos &amp; Treinamentos\",\"potentialAction\":[{\"@type\":\"SearchAction\",\"target\":{\"@type\":\"EntryPoint\",\"urlTemplate\":\"https:\\\/\\\/nataliadalto.com.br\\\/?s={search_term_string}\"},\"query-input\":{\"@type\":\"PropertyValueSpecification\",\"valueRequired\":true,\"valueName\":\"search_term_string\"}}],\"inLanguage\":\"pt-BR\"}]}<\/script>\n<!-- \/ Yoast SEO plugin. -->","yoast_head_json":{"title":"Em breve teremos novos conte\u00fados, aguardem! - DaltoA\u00e7\u00e3o","robots":{"index":"index","follow":"follow","max-snippet":"max-snippet:-1","max-image-preview":"max-image-preview:large","max-video-preview":"max-video-preview:-1"},"canonical":"https:\/\/nataliadalto.com.br\/","og_locale":"pt_BR","og_type":"article","og_title":"Em breve teremos novos conte\u00fados, aguardem! - DaltoA\u00e7\u00e3o","og_url":"https:\/\/nataliadalto.com.br\/","og_site_name":"DaltoA\u00e7\u00e3o","article_modified_time":"2025-08-09T05:37:27+00:00","og_image":[{"width":360,"height":259,"url":"https:\/\/nataliadalto.com.br\/wp-content\/uploads\/2025\/08\/9e9b58b4-e0fe-4810-9350-18661e241e85-1.jpg","type":"image\/jpeg"}],"twitter_card":"summary_large_image","twitter_misc":{"Est. tempo de leitura":"1 minuto"},"schema":{"@context":"https:\/\/schema.org","@graph":[{"@type":"WebPage","@id":"https:\/\/nataliadalto.com.br\/","url":"https:\/\/nataliadalto.com.br\/","name":"Em breve teremos novos conte\u00fados, aguardem! - DaltoA\u00e7\u00e3o","isPartOf":{"@id":"https:\/\/nataliadalto.com.br\/#website"},"primaryImageOfPage":{"@id":"https:\/\/nataliadalto.com.br\/#primaryimage"},"image":{"@id":"https:\/\/nataliadalto.com.br\/#primaryimage"},"thumbnailUrl":"https:\/\/nataliadalto.com.br\/wp-content\/uploads\/2025\/08\/9e9b58b4-e0fe-4810-9350-18661e241e85-1.jpg","datePublished":"2024-09-25T19:09:40+00:00","dateModified":"2025-08-09T05:37:27+00:00","breadcrumb":{"@id":"https:\/\/nataliadalto.com.br\/#breadcrumb"},"inLanguage":"pt-BR","potentialAction":[{"@type":"ReadAction","target":["https:\/\/nataliadalto.com.br\/"]}]},{"@type":"ImageObject","inLanguage":"pt-BR","@id":"https:\/\/nataliadalto.com.br\/#primaryimage","url":"https:\/\/nataliadalto.com.br\/wp-content\/uploads\/2025\/08\/9e9b58b4-e0fe-4810-9350-18661e241e85-1.jpg","contentUrl":"https:\/\/nataliadalto.com.br\/wp-content\/uploads\/2025\/08\/9e9b58b4-e0fe-4810-9350-18661e241e85-1.jpg","width":360,"height":259},{"@type":"BreadcrumbList","@id":"https:\/\/nataliadalto.com.br\/#breadcrumb","itemListElement":[{"@type":"ListItem","position":1,"name":"In\u00edcio","item":"https:\/\/nataliadalto.com.br\/"},{"@type":"ListItem","position":2,"name":"Em breve teremos novos conte\u00fados, aguardem!"}]},{"@type":"WebSite","@id":"https:\/\/nataliadalto.com.br\/#website","url":"https:\/\/nataliadalto.com.br\/","name":"DaltoA\u00e7\u00e3o","description":"- Cursos &amp; Treinamentos","potentialAction":[{"@type":"SearchAction","target":{"@type":"EntryPoint","urlTemplate":"https:\/\/nataliadalto.com.br\/?s={search_term_string}"},"query-input":{"@type":"PropertyValueSpecification","valueRequired":true,"valueName":"search_term_string"}}],"inLanguage":"pt-BR"}]}},"_links":{"self":[{"href":"https:\/\/nataliadalto.com.br\/index.php?rest_route=\/wp\/v2\/pages\/2","targetHints":{"allow":["GET"]}}],"collection":[{"href":"https:\/\/nataliadalto.com.br\/index.php?rest_route=\/wp\/v2\/pages"}],"about":[{"href":"https:\/\/nataliadalto.com.br\/index.php?rest_route=\/wp\/v2\/types\/page"}],"author":[{"embeddable":true,"href":"https:\/\/nataliadalto.com.br\/index.php?rest_route=\/wp\/v2\/users\/1"}],"replies":[{"embeddable":true,"href":"https:\/\/nataliadalto.com.br\/index.php?rest_route=%2Fwp%2Fv2%2Fcomments&post=2"}],"version-history":[{"count":17,"href":"https:\/\/nataliadalto.com.br\/index.php?rest_route=\/wp\/v2\/pages\/2\/revisions"}],"predecessor-version":[{"id":79,"href":"https:\/\/nataliadalto.com.br\/index.php?rest_route=\/wp\/v2\/pages\/2\/revisions\/79"}],"wp:featuredmedia":[{"embeddable":true,"href":"https:\/\/nataliadalto.com.br\/index.php?rest_route=\/wp\/v2\/media\/61"}],"wp:attachment":[{"href":"https:\/\/nataliadalto.com.br\/index.php?rest_route=%2Fwp%2Fv2%2Fmedia&parent=2"}],"curies":[{"name":"wp","href":"https:\/\/api.w.org\/{rel}","templated":true}]}}